{"id":8,"date":"2022-03-17T17:33:46","date_gmt":"2022-03-17T17:33:46","guid":{"rendered":"https:\/\/otkup-satova.hr\/?page_id=8"},"modified":"2023-03-15T15:12:34","modified_gmt":"2023-03-15T15:12:34","slug":"pocetna-stranica","status":"publish","type":"page","link":"https:\/\/otkup-satova.hr\/","title":{"rendered":"Po\u010detna stranica"},"content":{"rendered":"\n\t<section class=\"section dark sticky-section has-parallax\" id=\"section_1961675830\">\n\t\t<div class=\"bg section-bg fill bg-fill  \" data-parallax-container=\".section\" data-parallax-background data-parallax=\"-6\">\n\n\t\t\t\n\t\t\t<div class=\"section-bg-overlay absolute fill\"><\/div><div class=\"effect-sparkle bg-effect fill no-click\"><\/div>\n\t\t\t\n\n\t\t<\/div>\n\n\t\t\n\n\t\t<div class=\"section-content relative\">\n\t\t\t\n\n<div class=\"row\" style=\"max-width:1300px\" id=\"row-716293743\">\n\n\n\t<div id=\"col-32098496\" class=\"col medium-8 small-12 large-6\"  >\n\t\t\t\t<div class=\"col-inner\"  >\n\t\t\t\n\t\t\t\n\n\t<div id=\"gap-1553792343\" class=\"gap-element clearfix\" style=\"display:block; height:auto;\">\n\t\t\n<style>\n#gap-1553792343 {\n  padding-top: 30px;\n}\n<\/style>\n\t<\/div>\n\t\n\n<div class=\"is-divider divider clearfix\" style=\"max-width:100px;height:4px;background-color:rgb(253, 111, 94);\"><\/div>\n\n\t<div id=\"text-2759737892\" class=\"text\">\n\t\t\n\n<h1 class=\"uppercase\">OTKUP SATOVA<\/h1>\n\t\t\n<style>\n#text-2759737892 {\n  font-size: 2.25rem;\n}\n@media (min-width:550px) {\n  #text-2759737892 {\n    font-size: 3rem;\n  }\n}\n<\/style>\n\t<\/div>\n\t\n\n\t\t<\/div>\n\t\t\t\t\t<\/div>\n\n\t\n\n<\/div>\n\n\t\t<\/div>\n\n\t\t\n<style>\n#section_1961675830 {\n  padding-top: 30px;\n  padding-bottom: 30px;\n  min-height: 350px;\n}\n#section_1961675830 .section-bg-overlay {\n  background-color: rgba(0, 0, 0, 0.6);\n}\n#section_1961675830 .section-bg.bg-loaded {\n  background-image: url(https:\/\/otkup-satova.hr\/wp-content\/uploads\/2022\/03\/PROZIRNO.png);\n}\n#section_1961675830 .section-bg {\n  background-position: 49% 48%;\n}\n#section_1961675830 .ux-shape-divider--top svg {\n  height: 150px;\n  --divider-top-width: 100%;\n}\n#section_1961675830 .ux-shape-divider--bottom svg {\n  height: 150px;\n  --divider-width: 100%;\n}\n@media (min-width:550px) {\n  #section_1961675830 {\n    min-height: 450px;\n  }\n}\n<\/style>\n\t<\/section>\n\t\n\t<section class=\"section dark\" id=\"section_86512326\">\n\t\t<div class=\"bg section-bg fill bg-fill  bg-loaded\" >\n\n\t\t\t\n\t\t\t\n\t\t\t\n\n\t\t<\/div>\n\n\t\t\n\n\t\t<div class=\"section-content relative\">\n\t\t\t\n\n\t<div id=\"gap-1252358718\" class=\"gap-element clearfix\" style=\"display:block; height:auto;\">\n\t\t\n<style>\n#gap-1252358718 {\n  padding-top: 30px;\n}\n<\/style>\n\t<\/div>\n\t\n\n<div class=\"text-center\"><div class=\"is-divider divider clearfix\" style=\"max-width:100px;height:4px;background-color:rgb(253, 111, 94);\"><\/div><\/div>\n\n<div class=\"row align-center\" style=\"max-width:1300px\" id=\"row-647815318\">\n\n\n\t<div id=\"col-356388491\" class=\"col medium-9 small-12 large-6\"  >\n\t\t\t\t<div class=\"col-inner\"  >\n\t\t\t\n\t\t\t\n\n\t<div id=\"text-1697890906\" class=\"text\">\n\t\t\n\n<h2 class=\"uppercase\">Na\u0161 stru\u010dnjak za procjenu<\/h2>\n\t\t\n<style>\n#text-1697890906 {\n  font-size: 1.75rem;\n  text-align: center;\n}\n<\/style>\n\t<\/div>\n\t\n\n\t\t<\/div>\n\t\t\t\t\t<\/div>\n\n\t\n\n<\/div>\n<div class=\"row row-small align-center\"  id=\"row-22027267\">\n\n\n\t<div id=\"col-279807381\" class=\"col medium-6 small-12 large-3\"  >\n\t\t\t\t<div class=\"col-inner\"  >\n\t\t\t\n\t\t\t\n\n\t<div class=\"box has-hover   has-hover box-shadow-4 box-shadow-2-hover box-bounce box-text-bottom\" >\n\n\t\t<div class=\"box-image\" >\n\t\t\t\t\t\t<div class=\"\" >\n\t\t\t\t<img width=\"864\" height=\"864\" src=\"https:\/\/otkup-satova.hr\/wp-content\/uploads\/2022\/03\/\u00b8maska.png\" class=\"attachment-large size-large\" alt=\"\" loading=\"lazy\" srcset=\"https:\/\/otkup-satova.hr\/wp-content\/uploads\/2022\/03\/\u00b8maska.png 864w, https:\/\/otkup-satova.hr\/wp-content\/uploads\/2022\/03\/\u00b8maska-300x300.png 300w, https:\/\/otkup-satova.hr\/wp-content\/uploads\/2022\/03\/\u00b8maska-150x150.png 150w, https:\/\/otkup-satova.hr\/wp-content\/uploads\/2022\/03\/\u00b8maska-768x768.png 768w\" sizes=\"(max-width: 864px) 100vw, 864px\" \/>\t\t\t\t\t\t\t\t\t\t\t<\/div>\n\t\t\t\t\t<\/div>\n\n\t\t<div class=\"box-text text-center\" >\n\t\t\t<div class=\"box-text-inner\">\n\t\t\t\t\n\n<h4>IVAN ANCI\u0106<\/h4>\n<p>ing.elo.<\/p>\n\n\t\t\t<\/div>\n\t\t<\/div>\n\t<\/div>\n\t\n\n\t\t<\/div>\n\t\t\t\t\t<\/div>\n\n\t\n\n\t<div id=\"col-1357641490\" class=\"col medium-4 small-12 large-4\"  >\n\t\t\t\t<div class=\"col-inner\"  >\n\t\t\t\n\t\t\t\n\n<div class=\"ux-logo has-hover align-middle ux_logo inline-block\" style=\"max-width: 100%!important; width: 183.37423312883px!important\"><div class=\"ux-logo-link block image-\" title=\"\"  href=\"\" style=\"padding: 15px;\"><img src=\"https:\/\/otkup-satova.hr\/wp-content\/uploads\/2022\/03\/pp-removebg-preview-1.png\" title=\"\" alt=\"\" class=\"ux-logo-image block\" style=\"height:50px;\" \/><\/div><\/div>\n\n<p>Prepustite svoj sat u moje ruke. Dobijte najpreciznije procjene i naj ve\u0107u vrijednost va\u0161eg sata.<\/p>\n<p><strong>KONTAKT:<\/strong><\/p>\n<h1><strong>info@otkup-satova.hr<\/strong><br \/><strong>099-646-6666<\/strong><\/h1>\n\n\t\t<\/div>\n\t\t\t\t\t<\/div>\n\n\t\n\n<\/div>\n\n\t\t<\/div>\n\n\t\t\n<style>\n#section_86512326 {\n  padding-top: 35px;\n  padding-bottom: 35px;\n  background-color: rgb(24, 25, 27);\n}\n#section_86512326 .ux-shape-divider--top svg {\n  height: 150px;\n  --divider-top-width: 100%;\n}\n#section_86512326 .ux-shape-divider--bottom svg {\n  height: 150px;\n  --divider-width: 100%;\n}\n@media (min-width:850px) {\n  #section_86512326 {\n    padding-top: 80px;\n    padding-bottom: 80px;\n  }\n}\n<\/style>\n\t<\/section>\n\t\n\t<section class=\"section dark\" id=\"section_283630608\">\n\t\t<div class=\"bg section-bg fill bg-fill  bg-loaded\" >\n\n\t\t\t\n\t\t\t\n\t\t\t\n\n\t\t<\/div>\n\n\t\t\n\n\t\t<div class=\"section-content relative\">\n\t\t\t\n\n<div class=\"row row-collapse row-full-width align-middle\"  id=\"row-662334784\">\n\n\n\t<div id=\"col-1678051879\" class=\"col medium-12 small-12 large-11\"  >\n\t\t\t\t<div class=\"col-inner text-left\"  >\n\t\t\t\n\t\t\t\n\n<div class=\"row row-full-width align-center row-solid\"  id=\"row-1276183897\">\n\n\n\t<div id=\"col-1912755119\" class=\"col medium-10 small-10 large-8 col-hover-focus\"  data-animate=\"fadeInUp\">\n\t\t\t\t<div class=\"col-inner\"  >\n\t\t\t\n\t\t\t\n\n<div class=\"text-right\"><div class=\"is-divider divider clearfix\" style=\"margin-top:-0.8em;margin-bottom:-0.8em;max-width:0px;height:0px;background-color:rgb(253, 111, 94);\"><\/div><\/div>\n\n\t<div id=\"text-1305235993\" class=\"text\">\n\t\t\n\n<h1 class=\"uppercase\">\u0160to primamo?<\/h1>\n\t\t\n<style>\n#text-1305235993 {\n  font-size: 1.5rem;\n}\n@media (min-width:550px) {\n  #text-1305235993 {\n    font-size: 2.25rem;\n  }\n}\n<\/style>\n\t<\/div>\n\t\n<p>Na procjenu primamo sve skupocjene satove. Ukoliko ne znate spada li va\u0161 sat u tu kategoriju slobodno nas kontaktirajte bez obaveza. Procjena vrijednosti va\u0161eg sata je potpuno privatna i besplatna. Uronite u svijet prekrasnih satova.<\/p>\n<p>Kontaktirajte nas klikom na gumb &#8220;KONTAKT&#8221;.<\/p>\n<a href=\"mailto:%20info@otkup-satova.hr\" target=\"_self\" class=\"button alert\"  style=\"padding:5px 30px 5px 30px;\">\n    <span>KONTAKT<\/span>\n  <\/a>\n\n\n\t<div id=\"gap-1947682208\" class=\"gap-element clearfix\" style=\"display:block; height:auto;\">\n\t\t\n<style>\n#gap-1947682208 {\n  padding-top: 10px;\n}\n<\/style>\n\t<\/div>\n\t\n\n\t<div id=\"gap-556673770\" class=\"gap-element clearfix\" style=\"display:block; height:auto;\">\n\t\t\n<style>\n#gap-556673770 {\n  padding-top: 0px;\n}\n@media (min-width:550px) {\n  #gap-556673770 {\n    padding-top: 30px;\n  }\n}\n<\/style>\n\t<\/div>\n\t\n\n\n\t\t<\/div>\n\t\t\t\t\t<\/div>\n\n\t\n\n\n<style>\n#row-1276183897 > .col > .col-inner {\n  padding: 20px 0px 20px 0px;\n}\n@media (min-width:550px) {\n  #row-1276183897 > .col > .col-inner {\n    padding: 60px 0px 60px 0px;\n  }\n}\n@media (min-width:850px) {\n  #row-1276183897 > .col > .col-inner {\n    padding: 60px 0px 40px 0px;\n  }\n}\n<\/style>\n<\/div>\n\n\t\t<\/div>\n\t\t\t\t\t<\/div>\n\n\t\n\n<\/div>\n\n\t\t<\/div>\n\n\t\t\n<style>\n#section_283630608 {\n  padding-top: 0px;\n  padding-bottom: 0px;\n  background-color: rgb(36, 38, 42);\n}\n#section_283630608 .ux-shape-divider--top svg {\n  height: 150px;\n  --divider-top-width: 100%;\n}\n#section_283630608 .ux-shape-divider--bottom svg {\n  height: 150px;\n  --divider-width: 100%;\n}\n<\/style>\n\t<\/section>\n\t\n\t<section class=\"section dark\" id=\"section_16814290\">\n\t\t<div class=\"bg section-bg fill bg-fill  bg-loaded\" >\n\n\t\t\t\n\t\t\t\n\t\t\t\n\n\t\t<\/div>\n\n\t\t\n\n\t\t<div class=\"section-content relative\">\n\t\t\t\n\n<div class=\"row row-collapse row-full-width align-middle\"  id=\"row-396841961\">\n\n\n\t<div id=\"col-1102378089\" class=\"col medium-12 small-12 large-6\"  >\n\t\t\t\t<div class=\"col-inner text-left\"  >\n\t\t\t\n\t\t\t\n\n<div class=\"row align-center\"  id=\"row-1597130350\">\n\n\n\t<div id=\"col-47716027\" class=\"col medium-10 small-10 large-10\"  >\n\t\t\t\t<div class=\"col-inner\"  >\n\t\t\t\n\t\t\t\n\n\t<div id=\"text-3192403056\" class=\"text\">\n\t\t\n\n<h1 class=\"uppercase\">Gdje se nalazimo?<\/h1>\n\t\t\n<style>\n#text-3192403056 {\n  font-size: 1.5rem;\n}\n@media (min-width:550px) {\n  #text-3192403056 {\n    font-size: 2.25rem;\n  }\n}\n<\/style>\n\t<\/div>\n\t\n<p>Uredovno vrijeme odre\u0111eno je po dogovoru. Prije dolaska molimo vas svakako nas kontaktirajte na dostupne kontaktne obrasce.<\/p>\n<p>\u00a0<\/p>\n\t<div id=\"gap-431059543\" class=\"gap-element clearfix\" style=\"display:block; height:auto;\">\n\t\t\n<style>\n#gap-431059543 {\n  padding-top: 10px;\n}\n<\/style>\n\t<\/div>\n\t\n\n<a rel=\"noopener noreferrer\" href=\"https:\/\/goo.gl\/maps\/GguYdUVw1D29XMA57\" target=\"_blank\" class=\"button alert\"  style=\"padding:5px 30px 5px 30px;\">\n    <span>NAVIGIRAJ<\/span>\n  <i class=\"icon-map-pin-fill\" ><\/i><\/a>\n\n\n\t<div id=\"gap-67492933\" class=\"gap-element clearfix\" style=\"display:block; height:auto;\">\n\t\t\n<style>\n#gap-67492933 {\n  padding-top: 0px;\n}\n@media (min-width:550px) {\n  #gap-67492933 {\n    padding-top: 30px;\n  }\n}\n<\/style>\n\t<\/div>\n\t\n\n\n\t\t<\/div>\n\t\t\t\t\t<\/div>\n\n\t\n\n\n<style>\n#row-1597130350 > .col > .col-inner {\n  padding: 20px 0px 20px 0px;\n}\n@media (min-width:550px) {\n  #row-1597130350 > .col > .col-inner {\n    padding: 60px 0px 60px 0px;\n  }\n}\n@media (min-width:850px) {\n  #row-1597130350 > .col > .col-inner {\n    padding: 60px 0px 40px 0px;\n  }\n}\n<\/style>\n<\/div>\n\n\t\t<\/div>\n\t\t\t\t\t<\/div>\n\n\t\n\n\t<div id=\"col-1900919419\" class=\"col medium-12 small-12 large-6 medium-col-first\"  >\n\t\t\t\t<div class=\"col-inner\"  >\n\t\t\t\n\t\t\t\n\n\n  <div class=\"banner has-hover bg-blur bg-zoom-fade hide-for-medium\" id=\"banner-1217295589\">\n          <div class=\"banner-inner fill\">\n        <div class=\"banner-bg fill\" >\n            <div class=\"bg fill bg-fill \"><\/div>\n                        <div class=\"overlay\"><\/div>            \n                    <\/div>\n\t\t\n\t<div class=\"ux-shape-divider ux-shape-divider--bottom ux-shape-divider--style-curve-2\">\n\t\t<svg viewBox=\"0 0 1000 100\" xmlns=\"http:\/\/www.w3.org\/2000\/svg\" preserveAspectRatio=\"none\">\n\t<path class=\"ux-shape-fill\" d=\"M-24 100C493.5 -2.66667 804 -2.66667 1011 100H-24Z\"\/>\n<\/svg>\n\t<\/div>\n        <div class=\"banner-layers container\">\n            <div class=\"fill banner-link\"><\/div>            \n\n\n        <\/div>\n      <\/div>\n\n            \n<style>\n#banner-1217295589 {\n  padding-top: 300px;\n  background-color: rgb(0,0,0);\n}\n#banner-1217295589 .bg.bg-loaded {\n  background-image: url(https:\/\/otkup-satova.hr\/wp-content\/uploads\/2022\/03\/3caf4c96e3dfd87e588452d9b62cfaa0.jpg);\n}\n#banner-1217295589 .overlay {\n  background-color: rgba(0, 0, 0, 0.686);\n}\n#banner-1217295589 .bg {\n  background-position: 51% 54%;\n}\n#banner-1217295589 .ux-shape-divider--top svg {\n  height: 150px;\n  --divider-top-width: 100%;\n}\n#banner-1217295589 .ux-shape-divider--bottom svg {\n  height: 150px;\n  --divider-width: 100%;\n}\n#banner-1217295589 .ux-shape-divider--bottom .ux-shape-fill {\n  fill: rgb(253, 111, 94);\n}\n@media (min-width:550px) {\n  #banner-1217295589 {\n    padding-top: 500px;\n  }\n}\n@media (min-width:850px) {\n  #banner-1217295589 {\n    padding-top: 700px;\n  }\n}\n<\/style>\n  <\/div>\n\n\n\n\t\t<\/div>\n\t\t\t\t\t<\/div>\n\n\t\n\n\n<style>\n#row-396841961 > .col > .col-inner {\n  padding: 0px 0px 50px 0px;\n}\n@media (min-width:550px) {\n  #row-396841961 > .col > .col-inner {\n    padding: 0px 78px 0px 0px;\n  }\n}\n<\/style>\n<\/div>\n\n\t\t<\/div>\n\n\t\t\n<style>\n#section_16814290 {\n  padding-top: 0px;\n  padding-bottom: 0px;\n  background-color: rgb(36, 38, 42);\n}\n#section_16814290 .ux-shape-divider--top svg {\n  height: 150px;\n  --divider-top-width: 100%;\n}\n#section_16814290 .ux-shape-divider--bottom svg {\n  height: 150px;\n  --divider-width: 100%;\n}\n<\/style>\n\t<\/section>\n\t\n\t<section class=\"section\" id=\"section_1956220785\">\n\t\t<div class=\"bg section-bg fill bg-fill  bg-loaded\" >\n\n\t\t\t\n\t\t\t\n\t\t\t\n\n\t\t<\/div>\n\n\t\t\n\n\t\t<div class=\"section-content relative\">\n\t\t\t\n\n\t<div id=\"gap-2048922566\" class=\"gap-element clearfix\" style=\"display:block; height:auto;\">\n\t\t\n<style>\n#gap-2048922566 {\n  padding-top: 20px;\n}\n<\/style>\n\t<\/div>\n\t\n\n<div class=\"row\"  id=\"row-2003474022\">\n\n\n\t<div id=\"col-133748324\" class=\"col small-12 large-12\"  >\n\t\t\t\t<div class=\"col-inner\"  >\n\t\t\t\n\t\t\t\n\n<div class=\"row row-large align-center\"  id=\"row-1410909435\">\n\n\n\t<div id=\"col-2081835985\" class=\"col medium-6 small-12 large-3\"  >\n\t\t\t\t<div class=\"col-inner\"  >\n\t\t\t\n\t\t\t\n\n\n\t\t<div class=\"icon-box featured-box icon-box-center text-center\"  >\n\t\t\t\t\t<div class=\"icon-box-img\" style=\"width: 25px\">\n\t\t\t\t<div class=\"icon\">\n\t\t\t\t\t<div class=\"icon-inner\" >\n\t\t\t\t\t\t<img width=\"120\" height=\"120\" src=\"https:\/\/otkup-satova.hr\/wp-content\/uploads\/2022\/03\/archive-line.png\" class=\"attachment-medium size-medium\" alt=\"\" loading=\"lazy\" \/>\t\t\t\t\t<\/div>\n\t\t\t\t<\/div>\n\t\t\t<\/div>\n\t\t\t\t<div class=\"icon-box-text last-reset\">\n\t\t\t\t\t\t\t\t\t\n\n<p><span style=\"font-size: 90%;\"><strong>BESPLATNA PROCJENA<\/strong><\/span><\/p>\n\n\t\t<\/div>\n\t<\/div>\n\t\n\t\n\n\t\t<\/div>\n\t\t\t\t\t<\/div>\n\n\t\n\n\t<div id=\"col-901936119\" class=\"col medium-6 small-12 large-3\"  >\n\t\t\t\t<div class=\"col-inner\"  >\n\t\t\t\n\t\t\t\n\n\n\t\t<div class=\"icon-box featured-box icon-box-center text-center\"  >\n\t\t\t\t\t<div class=\"icon-box-img\" style=\"width: 25px\">\n\t\t\t\t<div class=\"icon\">\n\t\t\t\t\t<div class=\"icon-inner\" >\n\t\t\t\t\t\t<img width=\"120\" height=\"120\" src=\"https:\/\/otkup-satova.hr\/wp-content\/uploads\/2022\/03\/user-heart-line.png\" class=\"attachment-medium size-medium\" alt=\"\" loading=\"lazy\" \/>\t\t\t\t\t<\/div>\n\t\t\t\t<\/div>\n\t\t\t<\/div>\n\t\t\t\t<div class=\"icon-box-text last-reset\">\n\t\t\t\t\t\t\t\t\t\n\n<p><span style=\"font-size: 90%;\"><strong>DOSTUPNI SMO 24\/7<\/strong><\/span><\/p>\n\n\t\t<\/div>\n\t<\/div>\n\t\n\t\n\n\t\t<\/div>\n\t\t\t\t\t<\/div>\n\n\t\n\n\t<div id=\"col-121802311\" class=\"col medium-4 small-12 large-4\"  >\n\t\t\t\t<div class=\"col-inner\"  >\n\t\t\t\n\t\t\t\n\n\n\t\t<div class=\"icon-box featured-box icon-box-center text-center\"  >\n\t\t\t\t\t<div class=\"icon-box-img\" style=\"width: 25px\">\n\t\t\t\t<div class=\"icon\">\n\t\t\t\t\t<div class=\"icon-inner\" >\n\t\t\t\t\t\t<img width=\"120\" height=\"120\" src=\"https:\/\/otkup-satova.hr\/wp-content\/uploads\/2022\/03\/secure-payment-line.png\" class=\"attachment-medium size-medium\" alt=\"\" loading=\"lazy\" \/>\t\t\t\t\t<\/div>\n\t\t\t\t<\/div>\n\t\t\t<\/div>\n\t\t\t\t<div class=\"icon-box-text last-reset\">\n\t\t\t\t\t\t\t\t\t\n\n<p><span style=\"font-size: 90%;\"><strong>SIGURNO PLA\u0106ANJE<\/strong><\/span><\/p>\n\n\t\t<\/div>\n\t<\/div>\n\t\n\t\n\n\t\t<\/div>\n\t\t\t\t\t<\/div>\n\n\t\n\n<\/div>\n<div class=\"is-divider divider clearfix\" style=\"margin-top:1.5em;margin-bottom:1.5em;max-width:100%;height:1px;\"><\/div>\n\n\n\t\t<\/div>\n\t\t\t\t\t<\/div>\n\n\t\n\n<\/div>\n<div class=\"row row-small\"  id=\"row-1074043575\">\n\n\n\t<div id=\"col-514002470\" class=\"col medium-12 small-12 large-12\"  >\n\t\t\t\t<div class=\"col-inner text-center\"  >\n\t\t\t\n\t\t\t\n\n\t<div id=\"text-2857313306\" class=\"text\">\n\t\t\n\n<h5>O NAMA<\/h5>\n<p>\u00a0<\/p>\n<p>Bavimo se dugogodi\u0161njim otkupom satova na podru\u010dju cijele Hrvatske i \u0161ire. Stojimo vam na raspolaganju 24\/7.<\/p>\n<p>Podaci tvrtke:<\/p>\n<p>Otkup robe j.d.o.o.<br \/>Papu\u010dka ulica 6<br \/>10040 Zagreb<\/p>\n<p>OIB: 75612548253<\/p>\n\t\t\n<style>\n#text-2857313306 {\n  text-align: center;\n}\n<\/style>\n\t<\/div>\n\t\n<a href=\"http:\/\/+385996466666\" target=\"_self\" class=\"button secondary is-link is-small\"  >\n  <i class=\"icon-phone\" ><\/i>  <span>NAZOVI<\/span>\n  <\/a>\n\n\n<a href=\"mailto:%20info@otkup-satova.hr\" target=\"_self\" class=\"button secondary is-link is-small\"  >\n  <i class=\"icon-envelop\" ><\/i>  <span>Po\u0161alji email<\/span>\n  <\/a>\n\n\n\n\t\t<\/div>\n\t\t\t\t\t<\/div>\n\n\t\n\n<\/div>\n\n\t\t<\/div>\n\n\t\t\n<style>\n#section_1956220785 {\n  padding-top: 30px;\n  padding-bottom: 30px;\n  background-color: rgb(245, 247, 251);\n}\n#section_1956220785 .ux-shape-divider--top svg {\n  height: 150px;\n  --divider-top-width: 100%;\n}\n#section_1956220785 .ux-shape-divider--bottom svg {\n  height: 150px;\n  --divider-width: 100%;\n}\n<\/style>\n\t<\/section>\n\t\n\n","protected":false},"excerpt":{"rendered":"","protected":false},"author":1,"featured_media":0,"parent":0,"menu_order":0,"comment_status":"closed","ping_status":"closed","template":"page-header-on-scroll.php","meta":[],"_links":{"self":[{"href":"https:\/\/otkup-satova.hr\/index.php\/wp-json\/wp\/v2\/pages\/8"}],"collection":[{"href":"https:\/\/otkup-satova.hr\/index.php\/wp-json\/wp\/v2\/pages"}],"about":[{"href":"https:\/\/otkup-satova.hr\/index.php\/wp-json\/wp\/v2\/types\/page"}],"author":[{"embeddable":true,"href":"https:\/\/otkup-satova.hr\/index.php\/wp-json\/wp\/v2\/users\/1"}],"replies":[{"embeddable":true,"href":"https:\/\/otkup-satova.hr\/index.php\/wp-json\/wp\/v2\/comments?post=8"}],"version-history":[{"count":31,"href":"https:\/\/otkup-satova.hr\/index.php\/wp-json\/wp\/v2\/pages\/8\/revisions"}],"predecessor-version":[{"id":77,"href":"https:\/\/otkup-satova.hr\/index.php\/wp-json\/wp\/v2\/pages\/8\/revisions\/77"}],"wp:attachment":[{"href":"https:\/\/otkup-satova.hr\/index.php\/wp-json\/wp\/v2\/media?parent=8"}],"curies":[{"name":"wp","href":"https:\/\/api.w.org\/{rel}","templated":true}]}}